{"id":10,"date":"2014-03-05T01:59:52","date_gmt":"2014-03-04T23:59:52","guid":{"rendered":"http:\/\/steindorff-berlin.de\/?page_id=10"},"modified":"2024-02-10T10:05:54","modified_gmt":"2024-02-10T08:05:54","slug":"10-2","status":"publish","type":"page","link":"https:\/\/steindorff-berlin.de\/","title":{"rendered":"Willkommen"},"content":{"rendered":"<p><img loading=\"lazy\" decoding=\"async\" id=\"Bild1\" class=\"alignleft\" style=\"margin: 0px 5px; border: 0px none;\" title=\"00009\" src=\"http:\/\/steindorff-berlin.de\/00009.jpg\" alt=\"00009\" width=\"214\" height=\"304\" align=\"left\" border=\"0\" hspace=\"5\" vspace=\"0\" \/><\/p>\n<div id=\"js_hg\" class=\"_5pbx userContent _22jv _3576\" data-ft=\"{&quot;tn&quot;:&quot;K&quot;}\">\n<p><span style=\"font-family: Candara,sans-serif; font-size: 50px;\">Suche Mechaniker.<\/span><\/p>\n<p style=\"margin-bottom: 0px; text-align: left;\"><span style=\"font-family: Candara,sans-serif; font-size: 20px;\">\u00a0<\/span><\/p>\n<p><span style=\"font-family: Candara,sans-serif; font-size: 20px;\"><img loading=\"lazy\" decoding=\"async\" id=\"Bild2\" class=\"alignright\" style=\"margin: 0px 5px; border: 0px none;\" title=\"microbe hunter\" src=\"http:\/\/steindorff-berlin.de\/microbe-hunter.jpg\" alt=\"microbe hunter\" width=\"213\" height=\"331\" align=\"right\" border=\"0\" hspace=\"5\" vspace=\"0\" \/><\/span><\/p>\n<p><span style=\"font-family: Candara,sans-serif; font-size: 20px;\">Nachdem immer wieder Anfragen nach Reinigung oder Reparatur kamen, w\u00fcrde ich mich freuen, dieses auch anbieten zu k\u00f6nnen. Nachdem nun ein langj\u00e4hriger Mitarbeiter von Steindorff ein Alter erreicht hat in dem er\u00a0 diese T\u00e4tigkeiten nicht mehr aus\u00fcben mag, suche ich jemanden an den ich diese Anfragen weiterreichen kann. Nat\u00fcrlich gibt es Firmen die diesen Service anbieten. Die aufgerufenen Preisen stehen aber meistens in keinem Verh\u00e4ltnis zu den Bed\u00fcrfnissen der Steindorff-Besitzer.<br \/>\n<\/span><\/p>\n<p><span style=\"font-family: Candara,sans-serif; font-size: 20px;\"><span class=\"HwtZe\" lang=\"en\"><span class=\"jCAhz ChMk0b\"><span class=\"ryNqvb\">Since we kept getting requests for cleaning or repairs, I would be happy to be able to offer this too.<\/span><\/span> <span class=\"jCAhz ChMk0b\"><span class=\"ryNqvb\">Now that a long-time Steindorff employee has reached an age where he no longer wants to carry out these activities, I am looking for someone to whom I can pass these inquiries on.<\/span><\/span> <span class=\"jCAhz ChMk0b\"><span class=\"ryNqvb\">Of course there are companies that offer this service.<\/span><\/span> <span class=\"jCAhz ChMk0b\"><span class=\"ryNqvb\">However, the prices quoted are usually disproportionate to the needs of Steindorff owners.<\/span><\/span><\/span><\/span><\/p>\n<p style=\"margin-bottom: 0px; text-align: left;\"><span style=\"font-family: Candara,sans-serif; font-size: 20px;\">\u00a0<\/span><\/p>\n<\/div>\n","protected":false},"excerpt":{"rendered":"<p>Suche Mechaniker. \u00a0 Nachdem immer wieder Anfragen nach Reinigung oder Reparatur kamen, w\u00fcrde ich mich freuen, dieses auch anbieten zu k\u00f6nnen. Nachdem nun ein langj\u00e4hriger Mitarbeiter von Steindorff ein Alter erreicht hat in dem er\u00a0 diese T\u00e4tigkeiten nicht mehr aus\u00fcben mag, suche ich jemanden an den ich diese Anfragen weiterreichen kann. Nat\u00fcrlich gibt es Firmen [&hellip;]<\/p>\n","protected":false},"author":1,"featured_media":0,"parent":0,"menu_order":0,"comment_status":"open","ping_status":"closed","template":"","meta":{"footnotes":""},"_links":{"self":[{"href":"https:\/\/steindorff-berlin.de\/index.php?rest_route=\/wp\/v2\/pages\/10"}],"collection":[{"href":"https:\/\/steindorff-berlin.de\/index.php?rest_route=\/wp\/v2\/pages"}],"about":[{"href":"https:\/\/steindorff-berlin.de\/index.php?rest_route=\/wp\/v2\/types\/page"}],"author":[{"embeddable":true,"href":"https:\/\/steindorff-berlin.de\/index.php?rest_route=\/wp\/v2\/users\/1"}],"replies":[{"embeddable":true,"href":"https:\/\/steindorff-berlin.de\/index.php?rest_route=%2Fwp%2Fv2%2Fcomments&post=10"}],"version-history":[{"count":10,"href":"https:\/\/steindorff-berlin.de\/index.php?rest_route=\/wp\/v2\/pages\/10\/revisions"}],"predecessor-version":[{"id":395,"href":"https:\/\/steindorff-berlin.de\/index.php?rest_route=\/wp\/v2\/pages\/10\/revisions\/395"}],"wp:attachment":[{"href":"https:\/\/steindorff-berlin.de\/index.php?rest_route=%2Fwp%2Fv2%2Fmedia&parent=10"}],"curies":[{"name":"wp","href":"https:\/\/api.w.org\/{rel}","templated":true}]}}