{"id":141,"date":"2014-03-05T23:18:19","date_gmt":"2014-03-05T21:18:19","guid":{"rendered":"http:\/\/steindorff-berlin.de\/?page_id=141"},"modified":"2018-04-02T14:34:35","modified_gmt":"2018-04-02T12:34:35","slug":"neu","status":"publish","type":"page","link":"https:\/\/steindorff-berlin.de\/?page_id=141","title":{"rendered":"Austausch"},"content":{"rendered":"<p><img loading=\"lazy\" decoding=\"async\" id=\"Bild1\" class=\"alignleft\" style=\"margin: 0px 5px; border: 0px none;\" title=\"00009\" src=\"http:\/\/steindorff-berlin.de\/00009.jpg\" alt=\"00009\" width=\"214\" vspace=\"0\" hspace=\"5\" height=\"304\" border=\"0\" align=\"left\"><span style=\"font-family: Candara,sans-serif; font-size: 20px;\">Diese Seiten befassen sich mit der Firma Steindorff &amp; Co Berlin, die \u00fcber 100 Jahre mechanisch-optische Instrumente herstellte.<\/span><span style=\"font-family: Candara,sans-serif; font-size: 20px;\">Es wurden vor allem&nbsp; <\/span><span style=\"font-family: Candara,sans-serif; font-size: 20px;\">Mikroskope und Polarimeter gefertigt. Ein ganz&nbsp; besonderer und auch einzigartiger Vertreter ist der Mikrobenj\u00e4ger.&nbsp; Dieses Mikroskop und die solide und qualitative Verarbeitung haben, der im&nbsp; Vergleich recht kleinen Firma, eine gr\u00f6\u00dfere Bekanntheit beschert.<\/span><\/p>\n<p><span style=\"font-family: Candara,sans-serif; font-size: 20px;\"><img loading=\"lazy\" decoding=\"async\" id=\"Bild2\" class=\"alignright\" style=\"margin: 0px 5px; border: 0px none;\" title=\"microbe hunter\" src=\"http:\/\/steindorff-berlin.de\/microbe-hunter.jpg\" alt=\"microbe hunter\" width=\"213\" vspace=\"0\" hspace=\"5\" height=\"331\" border=\"0\" align=\"right\">Trotz dieser Bekanntheit und der vielen noch immer im Einsatz befindlichen Ger\u00e4te, ist recht wenig von&nbsp; dieser Firma \u00fcbrig geblieben. Das hat sicherlich mit der&nbsp; Zerst\u00f6rung des Firmengeb\u00e4udes im letzten Krieg und sp\u00e4ter mit dem Konkurs und der&nbsp; Abwicklung in den 1980er Jahren zu tun.<\/span><\/p>\n<p><span style=\"font-family: Candara,sans-serif; font-size: 20px;\">Trotzdem ist es sehr erstaunlich, dass nur noch so wenig Spuren vorhanden sind.&nbsp; Diese Spuren zu suchen und zu pr\u00e4sentieren habe ich mir zur Aufgabe gemacht.<\/span><\/p>\n<p><span style=\"font-family: Candara,sans-serif; font-size: 20px;\">Zur Zeit ist f\u00fcr mich von besonderem Interesse mehr \u00fcber die Firmengr\u00fcnder, die Familie Steindorff, den Mikrobenj\u00e4ger bzw. Microbe Hunter und den&nbsp; Verbleib der Firmenunterlagen nach dem Konkurs zu erfahren.<\/span><\/p>\n<p style=\"margin-bottom: 0px; text-align: left;\"><span style=\"font-family: Candara,sans-serif; font-size: 20px;\">Ich freue mich \u00fcber jedes Teil, welches das Puzzle vervollst\u00e4ndigt. Alles weiter auf der Kontaktseite.<\/span><\/p>\n<p>&nbsp;<\/p>\n<p>[contact-form-7 id=&#8220;377&#8243; title=&#8220;Kontaktformular 1&#8243;]<\/p>\n<p>Hier einige verwandte Links:<\/p>\n<p>Museen<\/p>\n<ul>\n<li><a href=\"http:\/\/www.diabetesmuseum.de\" target=\"_blank\" rel=\"noopener\">www.diabetesmuseum.de<\/a><\/li>\n<li><a href=\"http:\/\/www.mikroskop-museum.de\" target=\"_blank\" rel=\"noopener\">www.mikroskop-museum.de<\/a><\/li>\n<li><a href=\"http:\/\/www.mikroskop-online.de\/mikroskopmuseum.html\" target=\"_blank\" rel=\"noopener\">www.mikroskop-online.de\/mikroskopmuseum.html<\/a><\/li>\n<li><a href=\"http:\/\/www.musoptin.com\/\" target=\"_blank\" rel=\"noopener\">www.musoptin.com\/<\/a><\/li>\n<\/ul>\n<p>Die <a href=\"http:\/\/www.berliner-mikroskopische-gesellschaft.de\" target=\"_blank\" rel=\"noopener\">Berliner mikroskopische Gesellschaft<\/a> hat eine sehr ausf\u00fchrliche Linkliste rund um das Thema Mikroskopie!!!<\/p>\n<p>Foren<\/p>\n<ul>\n<li><a href=\"http:\/\/www.mikroskopie-forum.de\" target=\"_blank\" rel=\"noopener\">www.mikroskopie-forum.de<\/a><\/li>\n<\/ul>\n","protected":false},"excerpt":{"rendered":"<p>Diese Seiten befassen sich mit der Firma Steindorff &amp; Co Berlin, die \u00fcber 100 Jahre mechanisch-optische Instrumente herstellte.Es wurden vor allem&nbsp; Mikroskope und Polarimeter gefertigt. Ein ganz&nbsp; besonderer und auch einzigartiger Vertreter ist der Mikrobenj\u00e4ger.&nbsp; Dieses Mikroskop und die solide und qualitative Verarbeitung haben, der im&nbsp; Vergleich recht kleinen Firma, eine gr\u00f6\u00dfere Bekanntheit beschert. Trotz [&hellip;]<\/p>\n","protected":false},"author":2,"featured_media":0,"parent":0,"menu_order":0,"comment_status":"closed","ping_status":"closed","template":"","meta":{"footnotes":""},"_links":{"self":[{"href":"https:\/\/steindorff-berlin.de\/index.php?rest_route=\/wp\/v2\/pages\/141"}],"collection":[{"href":"https:\/\/steindorff-berlin.de\/index.php?rest_route=\/wp\/v2\/pages"}],"about":[{"href":"https:\/\/steindorff-berlin.de\/index.php?rest_route=\/wp\/v2\/types\/page"}],"author":[{"embeddable":true,"href":"https:\/\/steindorff-berlin.de\/index.php?rest_route=\/wp\/v2\/users\/2"}],"replies":[{"embeddable":true,"href":"https:\/\/steindorff-berlin.de\/index.php?rest_route=%2Fwp%2Fv2%2Fcomments&post=141"}],"version-history":[{"count":15,"href":"https:\/\/steindorff-berlin.de\/index.php?rest_route=\/wp\/v2\/pages\/141\/revisions"}],"predecessor-version":[{"id":389,"href":"https:\/\/steindorff-berlin.de\/index.php?rest_route=\/wp\/v2\/pages\/141\/revisions\/389"}],"wp:attachment":[{"href":"https:\/\/steindorff-berlin.de\/index.php?rest_route=%2Fwp%2Fv2%2Fmedia&parent=141"}],"curies":[{"name":"wp","href":"https:\/\/api.w.org\/{rel}","templated":true}]}}